{"id":144,"date":"2017-10-05T10:09:35","date_gmt":"2017-10-05T09:09:35","guid":{"rendered":"http:\/\/localhost\/wordpress\/?page_id=144"},"modified":"2024-12-31T02:01:20","modified_gmt":"2024-12-31T01:01:20","slug":"about-company-2","status":"publish","type":"page","link":"https:\/\/stt-inter.com\/?page_id=144","title":{"rendered":"A PROPOS DE NOTRE ENTREPRISE"},"content":{"rendered":"<div class=\"wpb-content-wrapper\"><p>[vc_row css=\u00a0\u00bb.vc_custom_1507714178001{margin-bottom: 60px !important;}\u00a0\u00bb][vc_column width=\u00a0\u00bb1\/2&Prime; css=\u00a0\u00bb.vc_custom_1507714104566{padding-top: 33px !important;}\u00a0\u00bb][vc_custom_heading text=\u00a0\u00bbHistorique\u00a0\u00bb font_container=\u00a0\u00bbtag:h5|text_align:left|color:%23111111&Prime; use_theme_fonts=\u00a0\u00bbyes\u00a0\u00bb css=\u00a0\u00bb.vc_custom_1735601156540{padding-bottom: 10px !important;}\u00a0\u00bb link=\u00a0\u00bburl:https%3A%2F%2Fstt-inter.com%2F%3Fservices%3Dgroupage-aerien-abidjan-dakar|title:Groupage%20Aerien%20Abidjan%20Dakar\u00a0\u00bb][vc_column_text css=\u00a0\u00bb\u00a0\u00bb]Fond\u00e9e en <strong>2017<\/strong>, la Soci\u00e9t\u00e9 STT-INTER (Services et Transports Transit International) est n\u00e9e de la vision de <strong>M. KADJO W. S. PACOME<\/strong>, entrepreneur dynamique et ambitieux. Avec un capital social de <strong>5 000 000 FCFA<\/strong>, cette SARL s\u2019est rapidement positionn\u00e9e comme un acteur cl\u00e9 dans les secteurs de la logistique, du transit et de l\u2019import-export en C\u00f4te d\u2019Ivoire et \u00e0 l\u2019international.<\/p>\n<h3><strong>Un Positionnement Strat\u00e9gique<\/strong><\/h3>\n<p>D\u00e8s ses d\u00e9buts, STT-INTER\u00a0a choisi de s\u2019implanter \u00e0 <strong>Port-Bou\u00ebt<\/strong>, un emplacement strat\u00e9gique situ\u00e9 entre <strong>l\u2019a\u00e9roport F\u00e9lix Houphou\u00ebt-Boigny<\/strong> et la <strong>Cit\u00e9 Douane<\/strong>, permettant ainsi de faciliter les \u00e9changes et de r\u00e9pondre efficacement aux besoins logistiques de ses clients.[\/vc_column_text][\/vc_column][vc_column width=\u00a0\u00bb1\/2&Prime;][vc_single_image image=\u00a0\u00bb1839&Prime; img_size=\u00a0\u00bbmedium\u00a0\u00bb css=\u00a0\u00bb\u00a0\u00bb][\/vc_column][\/vc_row][vc_row full_width=\u00a0\u00bbstretch_row\u00a0\u00bb css=\u00a0\u00bb.vc_custom_1507865499160{padding-top: 75px !important;padding-bottom: 30px !important;background-color: #f0f0f0 !important;}\u00a0\u00bb][vc_column width=\u00a0\u00bb1\/2&Prime; css=\u00a0\u00bb.vc_custom_1507865482648{margin-bottom: 45px !important;}\u00a0\u00bb][vc_custom_heading text=\u00a0\u00bbLA MISSION DE NOTRE COMPAGNIE\u00a0\u00bb font_container=\u00a0\u00bbtag:h5|text_align:left|color:%23111111&Prime; use_theme_fonts=\u00a0\u00bbyes\u00a0\u00bb css=\u00a0\u00bb.vc_custom_1735503429537{padding-bottom: 10px !important;}\u00a0\u00bb link=\u00a0\u00bburl:https%3A%2F%2Fstt-inter.com%2F%3Fpage_id%3D1653|title:Direction\u00a0\u00bb][vc_column_text css=\u00a0\u00bb\u00a0\u00bb]<\/p>\n<h3>Notre Mission<\/h3>\n<p>Chez STT-INTER, notre mission est de faciliter et optimiser le transport mondial de marchandises pour nos clients, en offrant des solutions logistiques fiables, s\u00e9curis\u00e9es et innovantes. Nous nous engageons \u00e0 b\u00e2tir des relations solides bas\u00e9es sur la confiance et la transparence, et \u00e0 d\u00e9passer les attentes de nos clients gr\u00e2ce \u00e0 un service personnalis\u00e9 et une expertise \u00e9prouv\u00e9e. En utilisant les technologies les plus avanc\u00e9es et en adoptant des pratiques durables, nous aspirons \u00e0 contribuer positivement \u00e0 la cha\u00eene d&rsquo;approvisionnement globale, tout en respectant les plus hauts standards de qualit\u00e9 et de responsabilit\u00e9 environnementale.[\/vc_column_text][\/vc_column][vc_column width=\u00a0\u00bb1\/2&Prime; css=\u00a0\u00bb.vc_custom_1507865489305{margin-bottom: 45px !important;}\u00a0\u00bb][vc_custom_heading text=\u00a0\u00bbLA VISION DE NOTRE COMPAGNIE\u00a0\u00bb font_container=\u00a0\u00bbtag:h5|text_align:left|color:%23111111&Prime; use_theme_fonts=\u00a0\u00bbyes\u00a0\u00bb css=\u00a0\u00bb.vc_custom_1735503604389{padding-bottom: 10px !important;}\u00a0\u00bb link=\u00a0\u00bburl:https%3A%2F%2Fstt-inter.com%2F%3Fservices%3Dravitaillement-grossiste|title:Ravitaillement%20Grossiste\u00a0\u00bb][vc_column_text css=\u00a0\u00bb.vc_custom_1735601414850{padding-left: 0px !important;}\u00a0\u00bb]<\/p>\n<h3>Notre Vision<\/h3>\n<p>Chez STT-INTER, nous aspirons \u00e0 devenir le partenaire logistique de choix \u00e0 l&rsquo;\u00e9chelle mondiale, reconnu pour notre excellence, notre innovation et notre engagement envers le d\u00e9veloppement durable. Nous visons \u00e0 transformer l&rsquo;industrie du transport en int\u00e9grant des technologies de pointe et en adoptant des pratiques respectueuses de l&rsquo;environnement. Nous nous engageons \u00e0 cr\u00e9er une cha\u00eene logistique transparente et efficace qui profite \u00e0 tous nos clients, partenaires et communaut\u00e9s \u00e0 travers le monde. En tant que leader en mati\u00e8re de solutions logistiques, nous voulons inspirer confiance et offrir une tranquillit\u00e9 d&rsquo;esprit totale \u00e0 chaque exp\u00e9dition.[\/vc_column_text][\/vc_column][\/vc_row]<\/p>\n<\/div>","protected":false},"excerpt":{"rendered":"<p>[vc_row css=\u00a0\u00bb.vc_custom_1507714178001{margin-bottom: 60px !important;}\u00a0\u00bb][vc_column width=\u00a0\u00bb1\/2&Prime; css=\u00a0\u00bb.vc_custom_1507714104566{padding-top: 33px !important;}\u00a0\u00bb][vc_custom_heading text=\u00a0\u00bbHistorique\u00a0\u00bb font_container=\u00a0\u00bbtag:h5|text_align:left|color:%23111111&Prime; use_theme_fonts=\u00a0\u00bbyes\u00a0\u00bb css=\u00a0\u00bb.vc_custom_1735601156540{padding-bottom: 10px !important;}\u00a0\u00bb link=\u00a0\u00bburl:https%3A%2F%2Fstt-inter.com%2F%3Fservices%3Dgroupage-aerien-abidjan-dakar|title:Groupage%20Aerien%20Abidjan%20Dakar\u00a0\u00bb][vc_column_text css=\u00a0\u00bb\u00a0\u00bb]Fond\u00e9e en 2017, la Soci\u00e9t\u00e9 STT-INTER (Services et Transports Transit International) est n\u00e9e de la vision de M. KADJO W. S. PACOME, entrepreneur dynamique et ambitieux. Avec un capital social de 5 000 000 FCFA, cette SARL s\u2019est rapidement positionn\u00e9e<\/p>\n","protected":false},"author":1,"featured_media":0,"parent":0,"menu_order":0,"comment_status":"closed","ping_status":"open","template":"","meta":{"footnotes":""},"class_list":["post-144","page","type-page","status-publish","hentry"],"_links":{"self":[{"href":"https:\/\/stt-inter.com\/index.php?rest_route=\/wp\/v2\/pages\/144","targetHints":{"allow":["GET"]}}],"collection":[{"href":"https:\/\/stt-inter.com\/index.php?rest_route=\/wp\/v2\/pages"}],"about":[{"href":"https:\/\/stt-inter.com\/index.php?rest_route=\/wp\/v2\/types\/page"}],"author":[{"embeddable":true,"href":"https:\/\/stt-inter.com\/index.php?rest_route=\/wp\/v2\/users\/1"}],"replies":[{"embeddable":true,"href":"https:\/\/stt-inter.com\/index.php?rest_route=%2Fwp%2Fv2%2Fcomments&post=144"}],"version-history":[{"count":9,"href":"https:\/\/stt-inter.com\/index.php?rest_route=\/wp\/v2\/pages\/144\/revisions"}],"predecessor-version":[{"id":1920,"href":"https:\/\/stt-inter.com\/index.php?rest_route=\/wp\/v2\/pages\/144\/revisions\/1920"}],"wp:attachment":[{"href":"https:\/\/stt-inter.com\/index.php?rest_route=%2Fwp%2Fv2%2Fmedia&parent=144"}],"curies":[{"name":"wp","href":"https:\/\/api.w.org\/{rel}","templated":true}]}}